{"id":87,"date":"2016-09-27T11:14:52","date_gmt":"2016-09-27T11:14:52","guid":{"rendered":"http:\/\/synagra.hu\/npk\/?page_id=87"},"modified":"2016-09-27T12:34:10","modified_gmt":"2016-09-27T12:34:10","slug":"mutragyak","status":"publish","type":"page","link":"https:\/\/synagra.hu\/npk\/hu\/mutragyak\/","title":{"rendered":"M\u0171tr\u00e1gy\u00e1k"},"content":{"rendered":"","protected":false},"excerpt":{"rendered":"","protected":false},"author":1,"featured_media":0,"parent":0,"menu_order":0,"comment_status":"closed","ping_status":"closed","template":"template-portfolio-grid.php","meta":[],"yoast_head":"<!-- This site is optimized with the Yoast SEO plugin v15.7 - https:\/\/yoast.com\/wordpress\/plugins\/seo\/ -->\n<title>M\u0171tr\u00e1gy\u00e1k - Synagra Siarkopol<\/title>\n<meta name=\"robots\" content=\"index, follow, max-snippet:-1, max-image-preview:large, max-video-preview:-1\" \/>\n<link rel=\"canonical\" href=\"https:\/\/synagra.hu\/npk\/hu\/mutragyak\/\" \/>\n<meta property=\"og:locale\" content=\"hu_HU\" \/>\n<meta property=\"og:type\" content=\"article\" \/>\n<meta property=\"og:title\" content=\"M\u0171tr\u00e1gy\u00e1k - Synagra Siarkopol\" \/>\n<meta property=\"og:url\" content=\"https:\/\/synagra.hu\/npk\/hu\/mutragyak\/\" \/>\n<meta property=\"og:site_name\" content=\"Synagra Siarkopol\" \/>\n<meta property=\"article:modified_time\" content=\"2016-09-27T12:34:10+00:00\" \/>\n<meta name=\"twitter:card\" content=\"summary\" \/>\n<script type=\"application\/ld+json\" class=\"yoast-schema-graph\">{\"@context\":\"https:\/\/schema.org\",\"@graph\":[{\"@type\":\"WebSite\",\"@id\":\"https:\/\/synagra.hu\/npk\/hu\/fooldal\/#website\",\"url\":\"https:\/\/synagra.hu\/npk\/hu\/fooldal\/\",\"name\":\"Synagra Siarkopol\",\"description\":\"NPK\",\"potentialAction\":[{\"@type\":\"SearchAction\",\"target\":\"https:\/\/synagra.hu\/npk\/hu\/fooldal\/?s={search_term_string}\",\"query-input\":\"required name=search_term_string\"}],\"inLanguage\":\"hu\"},{\"@type\":\"WebPage\",\"@id\":\"https:\/\/synagra.hu\/npk\/hu\/mutragyak\/#webpage\",\"url\":\"https:\/\/synagra.hu\/npk\/hu\/mutragyak\/\",\"name\":\"M\\u0171tr\\u00e1gy\\u00e1k - Synagra Siarkopol\",\"isPartOf\":{\"@id\":\"https:\/\/synagra.hu\/npk\/hu\/fooldal\/#website\"},\"datePublished\":\"2016-09-27T11:14:52+00:00\",\"dateModified\":\"2016-09-27T12:34:10+00:00\",\"inLanguage\":\"hu\",\"potentialAction\":[{\"@type\":\"ReadAction\",\"target\":[\"https:\/\/synagra.hu\/npk\/hu\/mutragyak\/\"]}]}]}<\/script>\n<!-- \/ Yoast SEO plugin. -->","_links":{"self":[{"href":"https:\/\/synagra.hu\/npk\/wp-json\/wp\/v2\/pages\/87"}],"collection":[{"href":"https:\/\/synagra.hu\/npk\/wp-json\/wp\/v2\/pages"}],"about":[{"href":"https:\/\/synagra.hu\/npk\/wp-json\/wp\/v2\/types\/page"}],"author":[{"embeddable":true,"href":"https:\/\/synagra.hu\/npk\/wp-json\/wp\/v2\/users\/1"}],"replies":[{"embeddable":true,"href":"https:\/\/synagra.hu\/npk\/wp-json\/wp\/v2\/comments?post=87"}],"version-history":[{"count":2,"href":"https:\/\/synagra.hu\/npk\/wp-json\/wp\/v2\/pages\/87\/revisions"}],"predecessor-version":[{"id":96,"href":"https:\/\/synagra.hu\/npk\/wp-json\/wp\/v2\/pages\/87\/revisions\/96"}],"wp:attachment":[{"href":"https:\/\/synagra.hu\/npk\/wp-json\/wp\/v2\/media?parent=87"}],"curies":[{"name":"wp","href":"https:\/\/api.w.org\/{rel}","templated":true}]}}