{"id":107,"date":"2016-10-29T18:08:02","date_gmt":"2016-10-29T18:08:02","guid":{"rendered":"http:\/\/synagra.hu\/npk\/?page_id=107"},"modified":"2016-10-29T18:12:40","modified_gmt":"2016-10-29T18:12:40","slug":"bemutatkozas","status":"publish","type":"page","link":"https:\/\/synagra.hu\/npk\/hu\/bemutatkozas\/","title":{"rendered":"Bemutatkoz\u00e1s"},"content":{"rendered":"<p><img loading=\"lazy\" class=\"aligncenter wp-image-109 size-full\" src=\"http:\/\/synagra.hu\/npk\/wp-content\/uploads\/synagra-siarkopol-1.jpg\" alt=\"synagra-siarkopol\" width=\"600\" height=\"200\" srcset=\"https:\/\/synagra.hu\/npk\/wp-content\/uploads\/synagra-siarkopol-1.jpg 600w, https:\/\/synagra.hu\/npk\/wp-content\/uploads\/synagra-siarkopol-1-300x100.jpg 300w\" sizes=\"(max-width: 600px) 100vw, 600px\" \/><\/p>\n<p>&nbsp;<\/p>\n<p>Komplex m\u0171tr\u00e1gy\u00e1k a sz\u00e1nt\u00f3f\u00f6ld \u00e9s a kert\u00e9szet sz\u00e1m\u00e1ra<br \/>\nC\u00e9g\u00fcnk k\u00edn\u00e1lat\u00e1ban megtal\u00e1lhat\u00f3 minden olyan m\u0171tr\u00e1gya, amely az alapvet\u0151 foszfor-, ill. k\u00e1liumut\u00e1np\u00f3tl\u00e1st hivatott biztos\u00edtani a n\u00f6v\u00e9ny, ill. a talaj ell\u00e1totts\u00e1ga \u00e1ltal megk\u00edv\u00e1nt ar\u00e1nyban. Ezenk\u00edv\u00fcl biztos\u00edtjuk a k\u00e9n, magn\u00e9zium, kalcium \u00e9s mikroelemek ut\u00e1np\u00f3tl\u00e1s\u00e1t is. Term\u00e9keinkkel k\u00f6zvetlen\u00fcl \u00e1llunk a mez\u0151azdas\u00e1gi termel\u0151k r\u00e9sz\u00e9re, flexibilis logisztika mellett. Garanci\u00e1nk term\u00e9keink kiv\u00e1l\u00f3 min\u0151s\u00e9ge \u00e9s \u00e1r-\u00e9rt\u00e9k ar\u00e1nya.<\/p>\n<p>V\u00e1rjuk megtisztel\u0151 \u00e9rdekl\u0151d\u00e9s\u00e9t!<\/p>\n<p>T\u00e1trai Zdzislaw Attila<br \/>\n\u00fcgyvezet\u0151<\/p>\n","protected":false},"excerpt":{"rendered":"<p>&nbsp; Komplex m\u0171tr\u00e1gy\u00e1k a sz\u00e1nt\u00f3f\u00f6ld \u00e9s a kert\u00e9szet sz\u00e1m\u00e1ra C\u00e9g\u00fcnk k\u00edn\u00e1lat\u00e1ban megtal\u00e1lhat\u00f3 minden olyan m\u0171tr\u00e1gya, amely az alapvet\u0151 foszfor-, ill. k\u00e1liumut\u00e1np\u00f3tl\u00e1st hivatott biztos\u00edtani a n\u00f6v\u00e9ny, ill. a talaj ell\u00e1totts\u00e1ga \u00e1ltal megk\u00edv\u00e1nt ar\u00e1nyban. Ezenk\u00edv\u00fcl biztos\u00edtjuk a k\u00e9n, magn\u00e9zium, kalcium \u00e9s mikroelemek &hellip; <a href=\"https:\/\/synagra.hu\/npk\/hu\/bemutatkozas\/\">Read More<\/a><\/p>\n","protected":false},"author":1,"featured_media":0,"parent":0,"menu_order":0,"comment_status":"closed","ping_status":"closed","template":"","meta":[],"yoast_head":"<!-- This site is optimized with the Yoast SEO plugin v15.7 - https:\/\/yoast.com\/wordpress\/plugins\/seo\/ -->\n<title>Bemutatkoz\u00e1s - Synagra Siarkopol<\/title>\n<meta name=\"robots\" content=\"index, follow, max-snippet:-1, max-image-preview:large, max-video-preview:-1\" \/>\n<link rel=\"canonical\" href=\"https:\/\/synagra.hu\/npk\/hu\/bemutatkozas\/\" \/>\n<meta property=\"og:locale\" content=\"hu_HU\" \/>\n<meta property=\"og:type\" content=\"article\" \/>\n<meta property=\"og:title\" content=\"Bemutatkoz\u00e1s - Synagra Siarkopol\" \/>\n<meta property=\"og:description\" content=\"&nbsp; Komplex m\u0171tr\u00e1gy\u00e1k a sz\u00e1nt\u00f3f\u00f6ld \u00e9s a kert\u00e9szet sz\u00e1m\u00e1ra C\u00e9g\u00fcnk k\u00edn\u00e1lat\u00e1ban megtal\u00e1lhat\u00f3 minden olyan m\u0171tr\u00e1gya, amely az alapvet\u0151 foszfor-, ill. k\u00e1liumut\u00e1np\u00f3tl\u00e1st hivatott biztos\u00edtani a n\u00f6v\u00e9ny, ill. a talaj ell\u00e1totts\u00e1ga \u00e1ltal megk\u00edv\u00e1nt ar\u00e1nyban. Ezenk\u00edv\u00fcl biztos\u00edtjuk a k\u00e9n, magn\u00e9zium, kalcium \u00e9s mikroelemek &hellip; Read More\" \/>\n<meta property=\"og:url\" content=\"https:\/\/synagra.hu\/npk\/hu\/bemutatkozas\/\" \/>\n<meta property=\"og:site_name\" content=\"Synagra Siarkopol\" \/>\n<meta property=\"article:modified_time\" content=\"2016-10-29T18:12:40+00:00\" \/>\n<meta property=\"og:image\" content=\"http:\/\/synagra.hu\/npk\/wp-content\/uploads\/synagra-siarkopol-1.jpg\" \/>\n<meta name=\"twitter:card\" content=\"summary\" \/>\n<meta name=\"twitter:label1\" content=\"Becs\u00fclt olvas\u00e1si id\u0151\">\n\t<meta name=\"twitter:data1\" content=\"1 perc\">\n<script type=\"application\/ld+json\" class=\"yoast-schema-graph\">{\"@context\":\"https:\/\/schema.org\",\"@graph\":[{\"@type\":\"WebSite\",\"@id\":\"https:\/\/synagra.hu\/npk\/hu\/fooldal\/#website\",\"url\":\"https:\/\/synagra.hu\/npk\/hu\/fooldal\/\",\"name\":\"Synagra Siarkopol\",\"description\":\"NPK\",\"potentialAction\":[{\"@type\":\"SearchAction\",\"target\":\"https:\/\/synagra.hu\/npk\/hu\/fooldal\/?s={search_term_string}\",\"query-input\":\"required name=search_term_string\"}],\"inLanguage\":\"hu\"},{\"@type\":\"ImageObject\",\"@id\":\"https:\/\/synagra.hu\/npk\/hu\/bemutatkozas\/#primaryimage\",\"inLanguage\":\"hu\",\"url\":\"http:\/\/synagra.hu\/npk\/wp-content\/uploads\/synagra-siarkopol-1.jpg\"},{\"@type\":\"WebPage\",\"@id\":\"https:\/\/synagra.hu\/npk\/hu\/bemutatkozas\/#webpage\",\"url\":\"https:\/\/synagra.hu\/npk\/hu\/bemutatkozas\/\",\"name\":\"Bemutatkoz\\u00e1s - Synagra Siarkopol\",\"isPartOf\":{\"@id\":\"https:\/\/synagra.hu\/npk\/hu\/fooldal\/#website\"},\"primaryImageOfPage\":{\"@id\":\"https:\/\/synagra.hu\/npk\/hu\/bemutatkozas\/#primaryimage\"},\"datePublished\":\"2016-10-29T18:08:02+00:00\",\"dateModified\":\"2016-10-29T18:12:40+00:00\",\"inLanguage\":\"hu\",\"potentialAction\":[{\"@type\":\"ReadAction\",\"target\":[\"https:\/\/synagra.hu\/npk\/hu\/bemutatkozas\/\"]}]}]}<\/script>\n<!-- \/ Yoast SEO plugin. -->","_links":{"self":[{"href":"https:\/\/synagra.hu\/npk\/wp-json\/wp\/v2\/pages\/107"}],"collection":[{"href":"https:\/\/synagra.hu\/npk\/wp-json\/wp\/v2\/pages"}],"about":[{"href":"https:\/\/synagra.hu\/npk\/wp-json\/wp\/v2\/types\/page"}],"author":[{"embeddable":true,"href":"https:\/\/synagra.hu\/npk\/wp-json\/wp\/v2\/users\/1"}],"replies":[{"embeddable":true,"href":"https:\/\/synagra.hu\/npk\/wp-json\/wp\/v2\/comments?post=107"}],"version-history":[{"count":2,"href":"https:\/\/synagra.hu\/npk\/wp-json\/wp\/v2\/pages\/107\/revisions"}],"predecessor-version":[{"id":110,"href":"https:\/\/synagra.hu\/npk\/wp-json\/wp\/v2\/pages\/107\/revisions\/110"}],"wp:attachment":[{"href":"https:\/\/synagra.hu\/npk\/wp-json\/wp\/v2\/media?parent=107"}],"curies":[{"name":"wp","href":"https:\/\/api.w.org\/{rel}","templated":true}]}}