{"id":832,"date":"2018-11-23T17:43:58","date_gmt":"2018-11-23T17:43:58","guid":{"rendered":"http:\/\/synagra.hu\/gk\/?page_id=832"},"modified":"2018-12-01T12:50:16","modified_gmt":"2018-12-01T12:50:16","slug":"orz-de-primavara","status":"publish","type":"page","link":"https:\/\/synagra.hu\/gk\/ro\/seminte\/ovaz\/orz-de-primavara\/","title":{"rendered":"Orz de prim\u0103var\u0103"},"content":{"rendered":"","protected":false},"excerpt":{"rendered":"","protected":false},"author":1,"featured_media":0,"parent":828,"menu_order":0,"comment_status":"closed","ping_status":"closed","template":"page-portfolio.php","meta":[],"yoast_head":"<!-- This site is optimized with the Yoast SEO plugin v15.7 - https:\/\/yoast.com\/wordpress\/plugins\/seo\/ -->\n<title>Orz de prim\u0103var\u0103 - Synagra GK Vet\u0151magok<\/title>\n<meta name=\"robots\" content=\"index, follow, max-snippet:-1, max-image-preview:large, max-video-preview:-1\" \/>\n<link rel=\"canonical\" href=\"https:\/\/synagra.hu\/gk\/ro\/seminte\/ovaz\/orz-de-primavara\/\" \/>\n<meta property=\"og:locale\" content=\"hu_HU\" \/>\n<meta property=\"og:type\" content=\"article\" \/>\n<meta property=\"og:title\" content=\"Orz de prim\u0103var\u0103 - Synagra GK Vet\u0151magok\" \/>\n<meta property=\"og:url\" content=\"https:\/\/synagra.hu\/gk\/ro\/seminte\/ovaz\/orz-de-primavara\/\" \/>\n<meta property=\"og:site_name\" content=\"Synagra GK Vet\u0151magok\" \/>\n<meta property=\"article:modified_time\" content=\"2018-12-01T12:50:16+00:00\" \/>\n<meta name=\"twitter:card\" content=\"summary_large_image\" \/>\n<script type=\"application\/ld+json\" class=\"yoast-schema-graph\">{\"@context\":\"https:\/\/schema.org\",\"@graph\":[{\"@type\":\"WebSite\",\"@id\":\"https:\/\/synagra.hu\/gk\/hu\/#website\",\"url\":\"https:\/\/synagra.hu\/gk\/hu\/\",\"name\":\"Synagra GK Vet\\u0151magok\",\"description\":\"GK Vet\\u0151magok\",\"potentialAction\":[{\"@type\":\"SearchAction\",\"target\":\"https:\/\/synagra.hu\/gk\/hu\/?s={search_term_string}\",\"query-input\":\"required name=search_term_string\"}],\"inLanguage\":\"hu\"},{\"@type\":\"WebPage\",\"@id\":\"https:\/\/synagra.hu\/gk\/ro\/seminte\/ovaz\/orz-de-primavara\/#webpage\",\"url\":\"https:\/\/synagra.hu\/gk\/ro\/seminte\/ovaz\/orz-de-primavara\/\",\"name\":\"Orz de prim\\u0103var\\u0103 - Synagra GK Vet\\u0151magok\",\"isPartOf\":{\"@id\":\"https:\/\/synagra.hu\/gk\/hu\/#website\"},\"datePublished\":\"2018-11-23T17:43:58+00:00\",\"dateModified\":\"2018-12-01T12:50:16+00:00\",\"breadcrumb\":{\"@id\":\"https:\/\/synagra.hu\/gk\/ro\/seminte\/ovaz\/orz-de-primavara\/#breadcrumb\"},\"inLanguage\":\"hu\",\"potentialAction\":[{\"@type\":\"ReadAction\",\"target\":[\"https:\/\/synagra.hu\/gk\/ro\/seminte\/ovaz\/orz-de-primavara\/\"]}]},{\"@type\":\"BreadcrumbList\",\"@id\":\"https:\/\/synagra.hu\/gk\/ro\/seminte\/ovaz\/orz-de-primavara\/#breadcrumb\",\"itemListElement\":[{\"@type\":\"ListItem\",\"position\":1,\"item\":{\"@type\":\"WebPage\",\"@id\":\"https:\/\/synagra.hu\/gk\/hu\/\",\"url\":\"https:\/\/synagra.hu\/gk\/hu\/\",\"name\":\"F\\u0151oldal\"}},{\"@type\":\"ListItem\",\"position\":2,\"item\":{\"@type\":\"WebPage\",\"@id\":\"https:\/\/synagra.hu\/gk\/ro\/seminte\/\",\"url\":\"https:\/\/synagra.hu\/gk\/ro\/seminte\/\",\"name\":\"Semin\\u021be\"}},{\"@type\":\"ListItem\",\"position\":3,\"item\":{\"@type\":\"WebPage\",\"@id\":\"https:\/\/synagra.hu\/gk\/ro\/seminte\/ovaz\/\",\"url\":\"https:\/\/synagra.hu\/gk\/ro\/seminte\/ovaz\/\",\"name\":\"Ov\\u0103z\"}},{\"@type\":\"ListItem\",\"position\":4,\"item\":{\"@type\":\"WebPage\",\"@id\":\"https:\/\/synagra.hu\/gk\/ro\/seminte\/ovaz\/orz-de-primavara\/\",\"url\":\"https:\/\/synagra.hu\/gk\/ro\/seminte\/ovaz\/orz-de-primavara\/\",\"name\":\"Orz de prim\\u0103var\\u0103\"}}]}]}<\/script>\n<!-- \/ Yoast SEO plugin. -->","_links":{"self":[{"href":"https:\/\/synagra.hu\/gk\/wp-json\/wp\/v2\/pages\/832"}],"collection":[{"href":"https:\/\/synagra.hu\/gk\/wp-json\/wp\/v2\/pages"}],"about":[{"href":"https:\/\/synagra.hu\/gk\/wp-json\/wp\/v2\/types\/page"}],"author":[{"embeddable":true,"href":"https:\/\/synagra.hu\/gk\/wp-json\/wp\/v2\/users\/1"}],"replies":[{"embeddable":true,"href":"https:\/\/synagra.hu\/gk\/wp-json\/wp\/v2\/comments?post=832"}],"version-history":[{"count":1,"href":"https:\/\/synagra.hu\/gk\/wp-json\/wp\/v2\/pages\/832\/revisions"}],"predecessor-version":[{"id":833,"href":"https:\/\/synagra.hu\/gk\/wp-json\/wp\/v2\/pages\/832\/revisions\/833"}],"up":[{"embeddable":true,"href":"https:\/\/synagra.hu\/gk\/wp-json\/wp\/v2\/pages\/828"}],"wp:attachment":[{"href":"https:\/\/synagra.hu\/gk\/wp-json\/wp\/v2\/media?parent=832"}],"curies":[{"name":"wp","href":"https:\/\/api.w.org\/{rel}","templated":true}]}}