{"id":8,"date":"2018-11-13T19:41:10","date_gmt":"2018-11-13T19:41:10","guid":{"rendered":"http:\/\/synagra.hu\/gk\/?page_id=8"},"modified":"2018-11-23T17:23:09","modified_gmt":"2018-11-23T17:23:09","slug":"vetomagok","status":"publish","type":"page","link":"https:\/\/synagra.hu\/gk\/hu\/vetomagok\/","title":{"rendered":"Vet\u0151magok"},"content":{"rendered":"\t\t<div data-elementor-type=\"wp-post\" data-elementor-id=\"8\" class=\"elementor elementor-8 elementor-bc-flex-widget\" data-elementor-settings=\"[]\">\n\t\t\t\t\t\t<div class=\"elementor-inner\">\n\t\t\t\t\t\t\t<div class=\"elementor-section-wrap\">\n\t\t\t\t\t\t\t<section class=\"elementor-section elementor-top-section elementor-element elementor-element-e896f47 elementor-section-boxed elementor-section-height-default elementor-section-height-default\" data-id=\"e896f47\" data-element_type=\"section\">\n\t\t\t\t\t\t<div class=\"elementor-container elementor-column-gap-default\">\n\t\t\t\t\t\t\t<div class=\"elementor-row\">\n\t\t\t\t\t<div class=\"elementor-column elementor-col-100 elementor-top-column elementor-element elementor-element-528d492\" data-id=\"528d492\" data-element_type=\"column\">\n\t\t\t<div class=\"elementor-column-wrap elementor-element-populated\">\n\t\t\t\t\t\t\t<div class=\"elementor-widget-wrap\">\n\t\t\t\t\t\t<section class=\"elementor-section elementor-inner-section elementor-element elementor-element-b37943e elementor-section-boxed elementor-section-height-default elementor-section-height-default\" data-id=\"b37943e\" data-element_type=\"section\">\n\t\t\t\t\t\t<div class=\"elementor-container elementor-column-gap-default\">\n\t\t\t\t\t\t\t<div class=\"elementor-row\">\n\t\t\t\t\t<div class=\"elementor-column elementor-col-25 elementor-inner-column elementor-element elementor-element-99714a0\" data-id=\"99714a0\" data-element_type=\"column\">\n\t\t\t<div class=\"elementor-column-wrap elementor-element-populated\">\n\t\t\t\t\t\t\t<div class=\"elementor-widget-wrap\">\n\t\t\t\t\t\t<div class=\"elementor-element elementor-element-ba62039 elementor-widget elementor-widget-image\" data-id=\"ba62039\" data-element_type=\"widget\" data-widget_type=\"image.default\">\n\t\t\t\t<div class=\"elementor-widget-container\">\n\t\t\t\t\t<div class=\"elementor-image\">\n\t\t\t\t\t\t\t\t\t\t\t<a href=\"http:\/\/synagra.hu\/gk\/vetomagok\/buza\/\">\n\t\t\t\t\t\t\t<img width=\"240\" height=\"180\" src=\"https:\/\/synagra.hu\/gk\/wp-content\/uploads\/buza.jpg\" class=\"attachment-large size-large\" alt=\"\" loading=\"lazy\" \/>\t\t\t\t\t\t\t\t<\/a>\n\t\t\t\t\t\t\t\t\t\t\t<\/div>\n\t\t\t\t<\/div>\n\t\t\t\t<\/div>\n\t\t\t\t<div class=\"elementor-element elementor-element-8655308 elementor-widget elementor-widget-text-editor\" data-id=\"8655308\" data-element_type=\"widget\" data-widget_type=\"text-editor.default\">\n\t\t\t\t<div class=\"elementor-widget-container\">\n\t\t\t\t\t<div class=\"elementor-text-editor elementor-clearfix\"><h4 style=\"text-align: center;\"><a href=\"http:\/\/synagra.hu\/gk\/vetomagok\/buza\/\"><span style=\"color: #333333;\">B\u00faza<\/span><\/a><\/h4><\/div>\n\t\t\t\t<\/div>\n\t\t\t\t<\/div>\n\t\t\t\t\t\t<\/div>\n\t\t\t\t\t<\/div>\n\t\t<\/div>\n\t\t\t\t<div class=\"elementor-column elementor-col-25 elementor-inner-column elementor-element elementor-element-375e9eb\" data-id=\"375e9eb\" data-element_type=\"column\">\n\t\t\t<div class=\"elementor-column-wrap elementor-element-populated\">\n\t\t\t\t\t\t\t<div class=\"elementor-widget-wrap\">\n\t\t\t\t\t\t<div class=\"elementor-element elementor-element-c426097 elementor-widget elementor-widget-image\" data-id=\"c426097\" data-element_type=\"widget\" data-widget_type=\"image.default\">\n\t\t\t\t<div class=\"elementor-widget-container\">\n\t\t\t\t\t<div class=\"elementor-image\">\n\t\t\t\t\t\t\t\t\t\t\t<a href=\"http:\/\/synagra.hu\/gk\/vetomagok\/tritikale\">\n\t\t\t\t\t\t\t<img width=\"240\" height=\"180\" src=\"https:\/\/synagra.hu\/gk\/wp-content\/uploads\/tritikale.jpg\" class=\"attachment-large size-large\" alt=\"\" loading=\"lazy\" \/>\t\t\t\t\t\t\t\t<\/a>\n\t\t\t\t\t\t\t\t\t\t\t<\/div>\n\t\t\t\t<\/div>\n\t\t\t\t<\/div>\n\t\t\t\t<div class=\"elementor-element elementor-element-3e8ea4d elementor-widget elementor-widget-text-editor\" data-id=\"3e8ea4d\" data-element_type=\"widget\" data-widget_type=\"text-editor.default\">\n\t\t\t\t<div class=\"elementor-widget-container\">\n\t\t\t\t\t<div class=\"elementor-text-editor elementor-clearfix\"><h4 style=\"text-align: center;\"><span style=\"color: #333333;\"><a style=\"color: #333333;\" href=\"http:\/\/synagra.hu\/gk\/vetomagok\/tritikale\/\">Tritik\u00e1l\u00e9<\/a><\/span><\/h4><\/div>\n\t\t\t\t<\/div>\n\t\t\t\t<\/div>\n\t\t\t\t\t\t<\/div>\n\t\t\t\t\t<\/div>\n\t\t<\/div>\n\t\t\t\t<div class=\"elementor-column elementor-col-25 elementor-inner-column elementor-element elementor-element-aa2aa78\" data-id=\"aa2aa78\" data-element_type=\"column\">\n\t\t\t<div class=\"elementor-column-wrap elementor-element-populated\">\n\t\t\t\t\t\t\t<div class=\"elementor-widget-wrap\">\n\t\t\t\t\t\t<div class=\"elementor-element elementor-element-2344964 elementor-widget elementor-widget-image\" data-id=\"2344964\" data-element_type=\"widget\" data-widget_type=\"image.default\">\n\t\t\t\t<div class=\"elementor-widget-container\">\n\t\t\t\t\t<div class=\"elementor-image\">\n\t\t\t\t\t\t\t\t\t\t\t<a href=\"http:\/\/synagra.hu\/gk\/vetomagok\/arpa\">\n\t\t\t\t\t\t\t<img width=\"240\" height=\"180\" src=\"https:\/\/synagra.hu\/gk\/wp-content\/uploads\/arpa.jpg\" class=\"attachment-large size-large\" alt=\"\" loading=\"lazy\" \/>\t\t\t\t\t\t\t\t<\/a>\n\t\t\t\t\t\t\t\t\t\t\t<\/div>\n\t\t\t\t<\/div>\n\t\t\t\t<\/div>\n\t\t\t\t<div class=\"elementor-element elementor-element-d0f2b91 elementor-widget elementor-widget-text-editor\" data-id=\"d0f2b91\" data-element_type=\"widget\" data-widget_type=\"text-editor.default\">\n\t\t\t\t<div class=\"elementor-widget-container\">\n\t\t\t\t\t<div class=\"elementor-text-editor elementor-clearfix\"><h4 style=\"text-align: center;\"><span style=\"color: #333333;\"><a style=\"color: #333333;\" href=\"http:\/\/synagra.hu\/gk\/vetomagok\/arpa\/\">\u00c1rpa<\/a><\/span><\/h4><\/div>\n\t\t\t\t<\/div>\n\t\t\t\t<\/div>\n\t\t\t\t\t\t<\/div>\n\t\t\t\t\t<\/div>\n\t\t<\/div>\n\t\t\t\t<div class=\"elementor-column elementor-col-25 elementor-inner-column elementor-element elementor-element-0c8963c\" data-id=\"0c8963c\" data-element_type=\"column\">\n\t\t\t<div class=\"elementor-column-wrap elementor-element-populated\">\n\t\t\t\t\t\t\t<div class=\"elementor-widget-wrap\">\n\t\t\t\t\t\t<div class=\"elementor-element elementor-element-9c1cf78 elementor-widget elementor-widget-image\" data-id=\"9c1cf78\" data-element_type=\"widget\" data-widget_type=\"image.default\">\n\t\t\t\t<div class=\"elementor-widget-container\">\n\t\t\t\t\t<div class=\"elementor-image\">\n\t\t\t\t\t\t\t\t\t\t\t<a href=\"http:\/\/synagra.hu\/gk\/vetomagok\/zab\">\n\t\t\t\t\t\t\t<img width=\"240\" height=\"180\" src=\"https:\/\/synagra.hu\/gk\/wp-content\/uploads\/zab.jpg\" class=\"attachment-large size-large\" alt=\"\" loading=\"lazy\" \/>\t\t\t\t\t\t\t\t<\/a>\n\t\t\t\t\t\t\t\t\t\t\t<\/div>\n\t\t\t\t<\/div>\n\t\t\t\t<\/div>\n\t\t\t\t<div class=\"elementor-element elementor-element-0932757 elementor-widget elementor-widget-text-editor\" data-id=\"0932757\" data-element_type=\"widget\" data-widget_type=\"text-editor.default\">\n\t\t\t\t<div class=\"elementor-widget-container\">\n\t\t\t\t\t<div class=\"elementor-text-editor elementor-clearfix\"><h4 style=\"text-align: center;\"><span style=\"color: #333333;\"><a style=\"color: #333333;\" href=\"http:\/\/synagra.hu\/gk\/vetomagok\/zab\/\">Zab<\/a><\/span><\/h4><\/div>\n\t\t\t\t<\/div>\n\t\t\t\t<\/div>\n\t\t\t\t\t\t<\/div>\n\t\t\t\t\t<\/div>\n\t\t<\/div>\n\t\t\t\t\t\t\t\t<\/div>\n\t\t\t\t\t<\/div>\n\t\t<\/section>\n\t\t\t\t<section class=\"elementor-section elementor-inner-section elementor-element elementor-element-20f5275 elementor-section-boxed elementor-section-height-default elementor-section-height-default\" data-id=\"20f5275\" data-element_type=\"section\">\n\t\t\t\t\t\t<div class=\"elementor-container elementor-column-gap-default\">\n\t\t\t\t\t\t\t<div class=\"elementor-row\">\n\t\t\t\t\t<div class=\"elementor-column elementor-col-25 elementor-inner-column elementor-element elementor-element-93380b0\" data-id=\"93380b0\" data-element_type=\"column\">\n\t\t\t<div class=\"elementor-column-wrap elementor-element-populated\">\n\t\t\t\t\t\t\t<div class=\"elementor-widget-wrap\">\n\t\t\t\t\t\t<div class=\"elementor-element elementor-element-6044d13 elementor-widget elementor-widget-image\" data-id=\"6044d13\" data-element_type=\"widget\" data-widget_type=\"image.default\">\n\t\t\t\t<div class=\"elementor-widget-container\">\n\t\t\t\t\t<div class=\"elementor-image\">\n\t\t\t\t\t\t\t\t\t\t\t<a href=\"http:\/\/synagra.hu\/gk\/vetomagok\/szoja\">\n\t\t\t\t\t\t\t<img width=\"240\" height=\"180\" src=\"https:\/\/synagra.hu\/gk\/wp-content\/uploads\/szoja.jpg\" class=\"attachment-large size-large\" alt=\"\" loading=\"lazy\" \/>\t\t\t\t\t\t\t\t<\/a>\n\t\t\t\t\t\t\t\t\t\t\t<\/div>\n\t\t\t\t<\/div>\n\t\t\t\t<\/div>\n\t\t\t\t<div class=\"elementor-element elementor-element-eb2ffe1 elementor-widget elementor-widget-text-editor\" data-id=\"eb2ffe1\" data-element_type=\"widget\" data-widget_type=\"text-editor.default\">\n\t\t\t\t<div class=\"elementor-widget-container\">\n\t\t\t\t\t<div class=\"elementor-text-editor elementor-clearfix\"><h4 style=\"text-align: center;\"><span style=\"color: #333333;\"><a style=\"color: #333333;\" href=\"http:\/\/synagra.hu\/gk\/vetomagok\/szoja\/\">Sz\u00f3ja<\/a><\/span><\/h4><\/div>\n\t\t\t\t<\/div>\n\t\t\t\t<\/div>\n\t\t\t\t\t\t<\/div>\n\t\t\t\t\t<\/div>\n\t\t<\/div>\n\t\t\t\t<div class=\"elementor-column elementor-col-25 elementor-inner-column elementor-element elementor-element-cbc49a1\" data-id=\"cbc49a1\" data-element_type=\"column\">\n\t\t\t<div class=\"elementor-column-wrap elementor-element-populated\">\n\t\t\t\t\t\t\t<div class=\"elementor-widget-wrap\">\n\t\t\t\t\t\t<div class=\"elementor-element elementor-element-db5dff4 elementor-widget elementor-widget-image\" data-id=\"db5dff4\" data-element_type=\"widget\" data-widget_type=\"image.default\">\n\t\t\t\t<div class=\"elementor-widget-container\">\n\t\t\t\t\t<div class=\"elementor-image\">\n\t\t\t\t\t\t\t\t\t\t\t<a href=\"http:\/\/synagra.hu\/gk\/vetomagok\/repce\">\n\t\t\t\t\t\t\t<img width=\"240\" height=\"180\" src=\"https:\/\/synagra.hu\/gk\/wp-content\/uploads\/repce.jpg\" class=\"attachment-large size-large\" alt=\"\" loading=\"lazy\" \/>\t\t\t\t\t\t\t\t<\/a>\n\t\t\t\t\t\t\t\t\t\t\t<\/div>\n\t\t\t\t<\/div>\n\t\t\t\t<\/div>\n\t\t\t\t<div class=\"elementor-element elementor-element-12b3a47 elementor-widget elementor-widget-text-editor\" data-id=\"12b3a47\" data-element_type=\"widget\" data-widget_type=\"text-editor.default\">\n\t\t\t\t<div class=\"elementor-widget-container\">\n\t\t\t\t\t<div class=\"elementor-text-editor elementor-clearfix\"><h4 style=\"text-align: center;\"><span style=\"color: #333333;\"><a style=\"color: #333333;\" href=\"http:\/\/synagra.hu\/gk\/vetomagok\/repce\/\">Repce<\/a><\/span><\/h4><\/div>\n\t\t\t\t<\/div>\n\t\t\t\t<\/div>\n\t\t\t\t\t\t<\/div>\n\t\t\t\t\t<\/div>\n\t\t<\/div>\n\t\t\t\t<div class=\"elementor-column elementor-col-25 elementor-inner-column elementor-element elementor-element-cbf6cc1\" data-id=\"cbf6cc1\" data-element_type=\"column\">\n\t\t\t<div class=\"elementor-column-wrap elementor-element-populated\">\n\t\t\t\t\t\t\t<div class=\"elementor-widget-wrap\">\n\t\t\t\t\t\t<div class=\"elementor-element elementor-element-535f1a1 elementor-widget elementor-widget-image\" data-id=\"535f1a1\" data-element_type=\"widget\" data-widget_type=\"image.default\">\n\t\t\t\t<div class=\"elementor-widget-container\">\n\t\t\t\t\t<div class=\"elementor-image\">\n\t\t\t\t\t\t\t\t\t\t\t<a href=\"http:\/\/synagra.hu\/gk\/vetomagok\/kukorica\">\n\t\t\t\t\t\t\t<img width=\"240\" height=\"180\" src=\"https:\/\/synagra.hu\/gk\/wp-content\/uploads\/kukorica.jpg\" class=\"attachment-large size-large\" alt=\"\" loading=\"lazy\" \/>\t\t\t\t\t\t\t\t<\/a>\n\t\t\t\t\t\t\t\t\t\t\t<\/div>\n\t\t\t\t<\/div>\n\t\t\t\t<\/div>\n\t\t\t\t<div class=\"elementor-element elementor-element-3798271 elementor-widget elementor-widget-text-editor\" data-id=\"3798271\" data-element_type=\"widget\" data-widget_type=\"text-editor.default\">\n\t\t\t\t<div class=\"elementor-widget-container\">\n\t\t\t\t\t<div class=\"elementor-text-editor elementor-clearfix\"><h4 style=\"text-align: center;\"><span style=\"color: #333333;\"><a style=\"color: #333333;\" href=\"http:\/\/synagra.hu\/gk\/vetomagok\/kukorica\/\">Kukorica<\/a><\/span><\/h4><\/div>\n\t\t\t\t<\/div>\n\t\t\t\t<\/div>\n\t\t\t\t\t\t<\/div>\n\t\t\t\t\t<\/div>\n\t\t<\/div>\n\t\t\t\t<div class=\"elementor-column elementor-col-25 elementor-inner-column elementor-element elementor-element-9c891d6\" data-id=\"9c891d6\" data-element_type=\"column\">\n\t\t\t<div class=\"elementor-column-wrap elementor-element-populated\">\n\t\t\t\t\t\t\t<div class=\"elementor-widget-wrap\">\n\t\t\t\t\t\t<div class=\"elementor-element elementor-element-acd91bd elementor-widget elementor-widget-image\" data-id=\"acd91bd\" data-element_type=\"widget\" data-widget_type=\"image.default\">\n\t\t\t\t<div class=\"elementor-widget-container\">\n\t\t\t\t\t<div class=\"elementor-image\">\n\t\t\t\t\t\t\t\t\t\t\t<a href=\"http:\/\/synagra.hu\/gk\/vetomagok\/napraforgo\">\n\t\t\t\t\t\t\t<img width=\"240\" height=\"180\" src=\"https:\/\/synagra.hu\/gk\/wp-content\/uploads\/napraforgo.jpg\" class=\"attachment-large size-large\" alt=\"\" loading=\"lazy\" \/>\t\t\t\t\t\t\t\t<\/a>\n\t\t\t\t\t\t\t\t\t\t\t<\/div>\n\t\t\t\t<\/div>\n\t\t\t\t<\/div>\n\t\t\t\t<div class=\"elementor-element elementor-element-a825efa elementor-widget elementor-widget-text-editor\" data-id=\"a825efa\" data-element_type=\"widget\" data-widget_type=\"text-editor.default\">\n\t\t\t\t<div class=\"elementor-widget-container\">\n\t\t\t\t\t<div class=\"elementor-text-editor elementor-clearfix\"><h4 style=\"text-align: center;\"><span style=\"color: #333333;\"><a style=\"color: #333333;\" href=\"http:\/\/synagra.hu\/gk\/vetomagok\/napraforgo\/\">Napraforg\u00f3<\/a><\/span><\/h4><\/div>\n\t\t\t\t<\/div>\n\t\t\t\t<\/div>\n\t\t\t\t\t\t<\/div>\n\t\t\t\t\t<\/div>\n\t\t<\/div>\n\t\t\t\t\t\t\t\t<\/div>\n\t\t\t\t\t<\/div>\n\t\t<\/section>\n\t\t\t\t\t\t<\/div>\n\t\t\t\t\t<\/div>\n\t\t<\/div>\n\t\t\t\t\t\t\t\t<\/div>\n\t\t\t\t\t<\/div>\n\t\t<\/section>\n\t\t\t\t\t\t<\/div>\n\t\t\t\t\t\t<\/div>\n\t\t\t\t\t<\/div>\n\t\t","protected":false},"excerpt":{"rendered":"<p>B\u00faza Tritik\u00e1l\u00e9 \u00c1rpa Zab Sz\u00f3ja Repce Kukorica Napraforg\u00f3<\/p>\n","protected":false},"author":1,"featured_media":0,"parent":0,"menu_order":0,"comment_status":"closed","ping_status":"closed","template":"page-fullwidth.php","meta":[],"yoast_head":"<!-- This site is optimized with the Yoast SEO plugin v15.7 - https:\/\/yoast.com\/wordpress\/plugins\/seo\/ -->\n<title>Vet\u0151magok - Synagra GK Vet\u0151magok<\/title>\n<meta name=\"robots\" content=\"index, follow, max-snippet:-1, max-image-preview:large, max-video-preview:-1\" \/>\n<link rel=\"canonical\" href=\"https:\/\/synagra.hu\/gk\/hu\/vetomagok\/\" \/>\n<meta property=\"og:locale\" content=\"hu_HU\" \/>\n<meta property=\"og:type\" content=\"article\" \/>\n<meta property=\"og:title\" content=\"Vet\u0151magok - Synagra GK Vet\u0151magok\" \/>\n<meta property=\"og:description\" content=\"B\u00faza Tritik\u00e1l\u00e9 \u00c1rpa Zab Sz\u00f3ja Repce Kukorica Napraforg\u00f3\" \/>\n<meta property=\"og:url\" content=\"https:\/\/synagra.hu\/gk\/hu\/vetomagok\/\" \/>\n<meta property=\"og:site_name\" content=\"Synagra GK Vet\u0151magok\" \/>\n<meta property=\"article:modified_time\" content=\"2018-11-23T17:23:09+00:00\" \/>\n<meta property=\"og:image\" content=\"http:\/\/synagra.hu\/gk\/wp-content\/uploads\/buza.jpg\" \/>\n<meta name=\"twitter:card\" content=\"summary_large_image\" \/>\n<script type=\"application\/ld+json\" class=\"yoast-schema-graph\">{\"@context\":\"https:\/\/schema.org\",\"@graph\":[{\"@type\":\"WebSite\",\"@id\":\"https:\/\/synagra.hu\/gk\/hu\/#website\",\"url\":\"https:\/\/synagra.hu\/gk\/hu\/\",\"name\":\"Synagra GK Vet\\u0151magok\",\"description\":\"GK Vet\\u0151magok\",\"potentialAction\":[{\"@type\":\"SearchAction\",\"target\":\"https:\/\/synagra.hu\/gk\/hu\/?s={search_term_string}\",\"query-input\":\"required name=search_term_string\"}],\"inLanguage\":\"hu\"},{\"@type\":\"ImageObject\",\"@id\":\"https:\/\/synagra.hu\/gk\/hu\/vetomagok\/#primaryimage\",\"inLanguage\":\"hu\",\"url\":\"http:\/\/synagra.hu\/gk\/wp-content\/uploads\/buza.jpg\"},{\"@type\":\"WebPage\",\"@id\":\"https:\/\/synagra.hu\/gk\/hu\/vetomagok\/#webpage\",\"url\":\"https:\/\/synagra.hu\/gk\/hu\/vetomagok\/\",\"name\":\"Vet\\u0151magok - Synagra GK Vet\\u0151magok\",\"isPartOf\":{\"@id\":\"https:\/\/synagra.hu\/gk\/hu\/#website\"},\"primaryImageOfPage\":{\"@id\":\"https:\/\/synagra.hu\/gk\/hu\/vetomagok\/#primaryimage\"},\"datePublished\":\"2018-11-13T19:41:10+00:00\",\"dateModified\":\"2018-11-23T17:23:09+00:00\",\"breadcrumb\":{\"@id\":\"https:\/\/synagra.hu\/gk\/hu\/vetomagok\/#breadcrumb\"},\"inLanguage\":\"hu\",\"potentialAction\":[{\"@type\":\"ReadAction\",\"target\":[\"https:\/\/synagra.hu\/gk\/hu\/vetomagok\/\"]}]},{\"@type\":\"BreadcrumbList\",\"@id\":\"https:\/\/synagra.hu\/gk\/hu\/vetomagok\/#breadcrumb\",\"itemListElement\":[{\"@type\":\"ListItem\",\"position\":1,\"item\":{\"@type\":\"WebPage\",\"@id\":\"https:\/\/synagra.hu\/gk\/hu\/\",\"url\":\"https:\/\/synagra.hu\/gk\/hu\/\",\"name\":\"F\\u0151oldal\"}},{\"@type\":\"ListItem\",\"position\":2,\"item\":{\"@type\":\"WebPage\",\"@id\":\"https:\/\/synagra.hu\/gk\/hu\/vetomagok\/\",\"url\":\"https:\/\/synagra.hu\/gk\/hu\/vetomagok\/\",\"name\":\"Vet\\u0151magok\"}}]}]}<\/script>\n<!-- \/ Yoast SEO plugin. -->","_links":{"self":[{"href":"https:\/\/synagra.hu\/gk\/wp-json\/wp\/v2\/pages\/8"}],"collection":[{"href":"https:\/\/synagra.hu\/gk\/wp-json\/wp\/v2\/pages"}],"about":[{"href":"https:\/\/synagra.hu\/gk\/wp-json\/wp\/v2\/types\/page"}],"author":[{"embeddable":true,"href":"https:\/\/synagra.hu\/gk\/wp-json\/wp\/v2\/users\/1"}],"replies":[{"embeddable":true,"href":"https:\/\/synagra.hu\/gk\/wp-json\/wp\/v2\/comments?post=8"}],"version-history":[{"count":18,"href":"https:\/\/synagra.hu\/gk\/wp-json\/wp\/v2\/pages\/8\/revisions"}],"predecessor-version":[{"id":489,"href":"https:\/\/synagra.hu\/gk\/wp-json\/wp\/v2\/pages\/8\/revisions\/489"}],"wp:attachment":[{"href":"https:\/\/synagra.hu\/gk\/wp-json\/wp\/v2\/media?parent=8"}],"curies":[{"name":"wp","href":"https:\/\/api.w.org\/{rel}","templated":true}]}}