{"id":497,"date":"2018-11-23T17:33:47","date_gmt":"2018-11-23T17:33:47","guid":{"rendered":"http:\/\/synagra.hu\/gk\/?page_id=497"},"modified":"2018-11-23T17:34:03","modified_gmt":"2018-11-23T17:34:03","slug":"oszi-tritikale","status":"publish","type":"page","link":"https:\/\/synagra.hu\/gk\/hu\/vetomagok\/tritikale\/oszi-tritikale\/","title":{"rendered":"\u0150szi tritik\u00e1l\u00e9"},"content":{"rendered":"","protected":false},"excerpt":{"rendered":"","protected":false},"author":1,"featured_media":0,"parent":422,"menu_order":0,"comment_status":"closed","ping_status":"closed","template":"page-portfolio.php","meta":[],"yoast_head":"<!-- This site is optimized with the Yoast SEO plugin v15.7 - https:\/\/yoast.com\/wordpress\/plugins\/seo\/ -->\n<title>\u0150szi tritik\u00e1l\u00e9 - Synagra GK Vet\u0151magok<\/title>\n<meta name=\"robots\" content=\"index, follow, max-snippet:-1, max-image-preview:large, max-video-preview:-1\" \/>\n<link rel=\"canonical\" href=\"https:\/\/synagra.hu\/gk\/hu\/vetomagok\/tritikale\/oszi-tritikale\/\" \/>\n<meta property=\"og:locale\" content=\"hu_HU\" \/>\n<meta property=\"og:type\" content=\"article\" \/>\n<meta property=\"og:title\" content=\"\u0150szi tritik\u00e1l\u00e9 - Synagra GK Vet\u0151magok\" \/>\n<meta property=\"og:url\" content=\"https:\/\/synagra.hu\/gk\/hu\/vetomagok\/tritikale\/oszi-tritikale\/\" \/>\n<meta property=\"og:site_name\" content=\"Synagra GK Vet\u0151magok\" \/>\n<meta property=\"article:modified_time\" content=\"2018-11-23T17:34:03+00:00\" \/>\n<meta name=\"twitter:card\" content=\"summary_large_image\" \/>\n<script type=\"application\/ld+json\" class=\"yoast-schema-graph\">{\"@context\":\"https:\/\/schema.org\",\"@graph\":[{\"@type\":\"WebSite\",\"@id\":\"https:\/\/synagra.hu\/gk\/hu\/#website\",\"url\":\"https:\/\/synagra.hu\/gk\/hu\/\",\"name\":\"Synagra GK Vet\\u0151magok\",\"description\":\"GK Vet\\u0151magok\",\"potentialAction\":[{\"@type\":\"SearchAction\",\"target\":\"https:\/\/synagra.hu\/gk\/hu\/?s={search_term_string}\",\"query-input\":\"required name=search_term_string\"}],\"inLanguage\":\"hu\"},{\"@type\":\"WebPage\",\"@id\":\"https:\/\/synagra.hu\/gk\/hu\/vetomagok\/tritikale\/oszi-tritikale\/#webpage\",\"url\":\"https:\/\/synagra.hu\/gk\/hu\/vetomagok\/tritikale\/oszi-tritikale\/\",\"name\":\"\\u0150szi tritik\\u00e1l\\u00e9 - Synagra GK Vet\\u0151magok\",\"isPartOf\":{\"@id\":\"https:\/\/synagra.hu\/gk\/hu\/#website\"},\"datePublished\":\"2018-11-23T17:33:47+00:00\",\"dateModified\":\"2018-11-23T17:34:03+00:00\",\"breadcrumb\":{\"@id\":\"https:\/\/synagra.hu\/gk\/hu\/vetomagok\/tritikale\/oszi-tritikale\/#breadcrumb\"},\"inLanguage\":\"hu\",\"potentialAction\":[{\"@type\":\"ReadAction\",\"target\":[\"https:\/\/synagra.hu\/gk\/hu\/vetomagok\/tritikale\/oszi-tritikale\/\"]}]},{\"@type\":\"BreadcrumbList\",\"@id\":\"https:\/\/synagra.hu\/gk\/hu\/vetomagok\/tritikale\/oszi-tritikale\/#breadcrumb\",\"itemListElement\":[{\"@type\":\"ListItem\",\"position\":1,\"item\":{\"@type\":\"WebPage\",\"@id\":\"https:\/\/synagra.hu\/gk\/hu\/\",\"url\":\"https:\/\/synagra.hu\/gk\/hu\/\",\"name\":\"F\\u0151oldal\"}},{\"@type\":\"ListItem\",\"position\":2,\"item\":{\"@type\":\"WebPage\",\"@id\":\"https:\/\/synagra.hu\/gk\/hu\/vetomagok\/\",\"url\":\"https:\/\/synagra.hu\/gk\/hu\/vetomagok\/\",\"name\":\"Vet\\u0151magok\"}},{\"@type\":\"ListItem\",\"position\":3,\"item\":{\"@type\":\"WebPage\",\"@id\":\"https:\/\/synagra.hu\/gk\/hu\/vetomagok\/tritikale\/\",\"url\":\"https:\/\/synagra.hu\/gk\/hu\/vetomagok\/tritikale\/\",\"name\":\"Tritik\\u00e1l\\u00e9\"}},{\"@type\":\"ListItem\",\"position\":4,\"item\":{\"@type\":\"WebPage\",\"@id\":\"https:\/\/synagra.hu\/gk\/hu\/vetomagok\/tritikale\/oszi-tritikale\/\",\"url\":\"https:\/\/synagra.hu\/gk\/hu\/vetomagok\/tritikale\/oszi-tritikale\/\",\"name\":\"\\u0150szi tritik\\u00e1l\\u00e9\"}}]}]}<\/script>\n<!-- \/ Yoast SEO plugin. -->","_links":{"self":[{"href":"https:\/\/synagra.hu\/gk\/wp-json\/wp\/v2\/pages\/497"}],"collection":[{"href":"https:\/\/synagra.hu\/gk\/wp-json\/wp\/v2\/pages"}],"about":[{"href":"https:\/\/synagra.hu\/gk\/wp-json\/wp\/v2\/types\/page"}],"author":[{"embeddable":true,"href":"https:\/\/synagra.hu\/gk\/wp-json\/wp\/v2\/users\/1"}],"replies":[{"embeddable":true,"href":"https:\/\/synagra.hu\/gk\/wp-json\/wp\/v2\/comments?post=497"}],"version-history":[{"count":1,"href":"https:\/\/synagra.hu\/gk\/wp-json\/wp\/v2\/pages\/497\/revisions"}],"predecessor-version":[{"id":498,"href":"https:\/\/synagra.hu\/gk\/wp-json\/wp\/v2\/pages\/497\/revisions\/498"}],"up":[{"embeddable":true,"href":"https:\/\/synagra.hu\/gk\/wp-json\/wp\/v2\/pages\/422"}],"wp:attachment":[{"href":"https:\/\/synagra.hu\/gk\/wp-json\/wp\/v2\/media?parent=497"}],"curies":[{"name":"wp","href":"https:\/\/api.w.org\/{rel}","templated":true}]}}