{"id":438,"date":"2018-11-23T09:27:40","date_gmt":"2018-11-23T09:27:40","guid":{"rendered":"http:\/\/synagra.hu\/gk\/?page_id=438"},"modified":"2018-11-23T17:27:43","modified_gmt":"2018-11-23T17:27:43","slug":"oszi-buza","status":"publish","type":"page","link":"https:\/\/synagra.hu\/gk\/hu\/vetomagok\/buza\/oszi-buza\/","title":{"rendered":"\u0150szi b\u00faza"},"content":{"rendered":"\t\t<div data-elementor-type=\"wp-post\" data-elementor-id=\"438\" class=\"elementor elementor-438 elementor-bc-flex-widget\" data-elementor-settings=\"[]\">\n\t\t\t\t\t\t<div class=\"elementor-inner\">\n\t\t\t\t\t\t\t<div class=\"elementor-section-wrap\">\n\t\t\t\t\t\t\t<section class=\"elementor-section elementor-top-section elementor-element elementor-element-e896f47 elementor-section-boxed elementor-section-height-default elementor-section-height-default\" data-id=\"e896f47\" data-element_type=\"section\">\n\t\t\t\t\t\t<div class=\"elementor-container elementor-column-gap-default\">\n\t\t\t\t\t\t\t<div class=\"elementor-row\">\n\t\t\t\t\t<div class=\"elementor-column elementor-col-100 elementor-top-column elementor-element elementor-element-528d492\" data-id=\"528d492\" data-element_type=\"column\">\n\t\t\t<div class=\"elementor-column-wrap elementor-element-populated\">\n\t\t\t\t\t\t\t<div class=\"elementor-widget-wrap\">\n\t\t\t\t\t\t<section class=\"elementor-section elementor-inner-section elementor-element elementor-element-b37943e elementor-section-boxed elementor-section-height-default elementor-section-height-default\" data-id=\"b37943e\" data-element_type=\"section\">\n\t\t\t\t\t\t<div class=\"elementor-container elementor-column-gap-default\">\n\t\t\t\t\t\t\t<div class=\"elementor-row\">\n\t\t\t\t\t<div class=\"elementor-column elementor-col-25 elementor-inner-column elementor-element elementor-element-99714a0\" data-id=\"99714a0\" data-element_type=\"column\">\n\t\t\t<div class=\"elementor-column-wrap elementor-element-populated\">\n\t\t\t\t\t\t\t<div class=\"elementor-widget-wrap\">\n\t\t\t\t\t\t<div class=\"elementor-element elementor-element-ba62039 elementor-widget elementor-widget-image\" data-id=\"ba62039\" data-element_type=\"widget\" data-widget_type=\"image.default\">\n\t\t\t\t<div class=\"elementor-widget-container\">\n\t\t\t\t\t<div class=\"elementor-image\">\n\t\t\t\t\t\t\t\t\t\t\t<a href=\"http:\/\/synagra.hu\/gk\/vetomagok\/buza\/oszi-buza\/korai\/\">\n\t\t\t\t\t\t\t<img width=\"240\" height=\"180\" src=\"https:\/\/synagra.hu\/gk\/wp-content\/uploads\/oszi-buza-korai-kategoria.jpg\" class=\"attachment-large size-large\" alt=\"\" loading=\"lazy\" \/>\t\t\t\t\t\t\t\t<\/a>\n\t\t\t\t\t\t\t\t\t\t\t<\/div>\n\t\t\t\t<\/div>\n\t\t\t\t<\/div>\n\t\t\t\t<div class=\"elementor-element elementor-element-8655308 elementor-widget elementor-widget-text-editor\" data-id=\"8655308\" data-element_type=\"widget\" data-widget_type=\"text-editor.default\">\n\t\t\t\t<div class=\"elementor-widget-container\">\n\t\t\t\t\t<div class=\"elementor-text-editor elementor-clearfix\"><h4 style=\"text-align: center;\"><span style=\"color: #333333;\"><a style=\"color: #333333;\" href=\"http:\/\/synagra.hu\/gk\/vetomagok\/buza\/oszi-buza\/korai\/\">Korai<\/a><\/span><\/h4><\/div>\n\t\t\t\t<\/div>\n\t\t\t\t<\/div>\n\t\t\t\t\t\t<\/div>\n\t\t\t\t\t<\/div>\n\t\t<\/div>\n\t\t\t\t<div class=\"elementor-column elementor-col-25 elementor-inner-column elementor-element elementor-element-375e9eb\" data-id=\"375e9eb\" data-element_type=\"column\">\n\t\t\t<div class=\"elementor-column-wrap elementor-element-populated\">\n\t\t\t\t\t\t\t<div class=\"elementor-widget-wrap\">\n\t\t\t\t\t\t<div class=\"elementor-element elementor-element-c426097 elementor-widget elementor-widget-image\" data-id=\"c426097\" data-element_type=\"widget\" data-widget_type=\"image.default\">\n\t\t\t\t<div class=\"elementor-widget-container\">\n\t\t\t\t\t<div class=\"elementor-image\">\n\t\t\t\t\t\t\t\t\t\t\t<a href=\"http:\/\/synagra.hu\/gk\/vetomagok\/buza\/oszi-buza\/kozeperesu\/\">\n\t\t\t\t\t\t\t<img width=\"240\" height=\"180\" src=\"https:\/\/synagra.hu\/gk\/wp-content\/uploads\/oszi-buza-kozeperesu-kategoria.jpg\" class=\"attachment-large size-large\" alt=\"\" loading=\"lazy\" \/>\t\t\t\t\t\t\t\t<\/a>\n\t\t\t\t\t\t\t\t\t\t\t<\/div>\n\t\t\t\t<\/div>\n\t\t\t\t<\/div>\n\t\t\t\t<div class=\"elementor-element elementor-element-3e8ea4d elementor-widget elementor-widget-text-editor\" data-id=\"3e8ea4d\" data-element_type=\"widget\" data-widget_type=\"text-editor.default\">\n\t\t\t\t<div class=\"elementor-widget-container\">\n\t\t\t\t\t<div class=\"elementor-text-editor elementor-clearfix\"><h4 style=\"text-align: center;\"><span style=\"color: #333333;\"><a style=\"color: #333333;\" href=\"http:\/\/synagra.hu\/gk\/vetomagok\/buza\/oszi-buza\/kozeperesu\/\">K\u00f6z\u00e9p\u00e9r\u00e9s\u0171<\/a><\/span><\/h4><\/div>\n\t\t\t\t<\/div>\n\t\t\t\t<\/div>\n\t\t\t\t\t\t<\/div>\n\t\t\t\t\t<\/div>\n\t\t<\/div>\n\t\t\t\t<div class=\"elementor-column elementor-col-25 elementor-inner-column elementor-element elementor-element-aa2aa78\" data-id=\"aa2aa78\" data-element_type=\"column\">\n\t\t\t<div class=\"elementor-column-wrap\">\n\t\t\t\t\t\t\t<div class=\"elementor-widget-wrap\">\n\t\t\t\t\t\t\t\t<\/div>\n\t\t\t\t\t<\/div>\n\t\t<\/div>\n\t\t\t\t<div class=\"elementor-column elementor-col-25 elementor-inner-column elementor-element elementor-element-0c8963c\" data-id=\"0c8963c\" data-element_type=\"column\">\n\t\t\t<div class=\"elementor-column-wrap\">\n\t\t\t\t\t\t\t<div class=\"elementor-widget-wrap\">\n\t\t\t\t\t\t\t\t<\/div>\n\t\t\t\t\t<\/div>\n\t\t<\/div>\n\t\t\t\t\t\t\t\t<\/div>\n\t\t\t\t\t<\/div>\n\t\t<\/section>\n\t\t\t\t\t\t<\/div>\n\t\t\t\t\t<\/div>\n\t\t<\/div>\n\t\t\t\t\t\t\t\t<\/div>\n\t\t\t\t\t<\/div>\n\t\t<\/section>\n\t\t\t\t\t\t<\/div>\n\t\t\t\t\t\t<\/div>\n\t\t\t\t\t<\/div>\n\t\t","protected":false},"excerpt":{"rendered":"<p>Korai K\u00f6z\u00e9p\u00e9r\u00e9s\u0171<\/p>\n","protected":false},"author":1,"featured_media":0,"parent":418,"menu_order":0,"comment_status":"closed","ping_status":"closed","template":"page-fullwidth.php","meta":[],"yoast_head":"<!-- This site is optimized with the Yoast SEO plugin v15.7 - https:\/\/yoast.com\/wordpress\/plugins\/seo\/ -->\n<title>\u0150szi b\u00faza - Synagra GK Vet\u0151magok<\/title>\n<meta name=\"robots\" content=\"index, follow, max-snippet:-1, max-image-preview:large, max-video-preview:-1\" \/>\n<link rel=\"canonical\" href=\"https:\/\/synagra.hu\/gk\/hu\/vetomagok\/buza\/oszi-buza\/\" \/>\n<meta property=\"og:locale\" content=\"hu_HU\" \/>\n<meta property=\"og:type\" content=\"article\" \/>\n<meta property=\"og:title\" content=\"\u0150szi b\u00faza - Synagra GK Vet\u0151magok\" \/>\n<meta property=\"og:description\" content=\"Korai K\u00f6z\u00e9p\u00e9r\u00e9s\u0171\" \/>\n<meta property=\"og:url\" content=\"https:\/\/synagra.hu\/gk\/hu\/vetomagok\/buza\/oszi-buza\/\" \/>\n<meta property=\"og:site_name\" content=\"Synagra GK Vet\u0151magok\" \/>\n<meta property=\"article:modified_time\" content=\"2018-11-23T17:27:43+00:00\" \/>\n<meta property=\"og:image\" content=\"http:\/\/synagra.hu\/gk\/wp-content\/uploads\/oszi-buza-korai-kategoria.jpg\" \/>\n<meta name=\"twitter:card\" content=\"summary_large_image\" \/>\n<script type=\"application\/ld+json\" class=\"yoast-schema-graph\">{\"@context\":\"https:\/\/schema.org\",\"@graph\":[{\"@type\":\"WebSite\",\"@id\":\"https:\/\/synagra.hu\/gk\/hu\/#website\",\"url\":\"https:\/\/synagra.hu\/gk\/hu\/\",\"name\":\"Synagra GK Vet\\u0151magok\",\"description\":\"GK Vet\\u0151magok\",\"potentialAction\":[{\"@type\":\"SearchAction\",\"target\":\"https:\/\/synagra.hu\/gk\/hu\/?s={search_term_string}\",\"query-input\":\"required name=search_term_string\"}],\"inLanguage\":\"hu\"},{\"@type\":\"ImageObject\",\"@id\":\"https:\/\/synagra.hu\/gk\/hu\/vetomagok\/buza\/oszi-buza\/#primaryimage\",\"inLanguage\":\"hu\",\"url\":\"http:\/\/synagra.hu\/gk\/wp-content\/uploads\/oszi-buza-korai-kategoria.jpg\"},{\"@type\":\"WebPage\",\"@id\":\"https:\/\/synagra.hu\/gk\/hu\/vetomagok\/buza\/oszi-buza\/#webpage\",\"url\":\"https:\/\/synagra.hu\/gk\/hu\/vetomagok\/buza\/oszi-buza\/\",\"name\":\"\\u0150szi b\\u00faza - Synagra GK Vet\\u0151magok\",\"isPartOf\":{\"@id\":\"https:\/\/synagra.hu\/gk\/hu\/#website\"},\"primaryImageOfPage\":{\"@id\":\"https:\/\/synagra.hu\/gk\/hu\/vetomagok\/buza\/oszi-buza\/#primaryimage\"},\"datePublished\":\"2018-11-23T09:27:40+00:00\",\"dateModified\":\"2018-11-23T17:27:43+00:00\",\"breadcrumb\":{\"@id\":\"https:\/\/synagra.hu\/gk\/hu\/vetomagok\/buza\/oszi-buza\/#breadcrumb\"},\"inLanguage\":\"hu\",\"potentialAction\":[{\"@type\":\"ReadAction\",\"target\":[\"https:\/\/synagra.hu\/gk\/hu\/vetomagok\/buza\/oszi-buza\/\"]}]},{\"@type\":\"BreadcrumbList\",\"@id\":\"https:\/\/synagra.hu\/gk\/hu\/vetomagok\/buza\/oszi-buza\/#breadcrumb\",\"itemListElement\":[{\"@type\":\"ListItem\",\"position\":1,\"item\":{\"@type\":\"WebPage\",\"@id\":\"https:\/\/synagra.hu\/gk\/hu\/\",\"url\":\"https:\/\/synagra.hu\/gk\/hu\/\",\"name\":\"F\\u0151oldal\"}},{\"@type\":\"ListItem\",\"position\":2,\"item\":{\"@type\":\"WebPage\",\"@id\":\"https:\/\/synagra.hu\/gk\/hu\/vetomagok\/\",\"url\":\"https:\/\/synagra.hu\/gk\/hu\/vetomagok\/\",\"name\":\"Vet\\u0151magok\"}},{\"@type\":\"ListItem\",\"position\":3,\"item\":{\"@type\":\"WebPage\",\"@id\":\"https:\/\/synagra.hu\/gk\/hu\/vetomagok\/buza\/\",\"url\":\"https:\/\/synagra.hu\/gk\/hu\/vetomagok\/buza\/\",\"name\":\"B\\u00faza\"}},{\"@type\":\"ListItem\",\"position\":4,\"item\":{\"@type\":\"WebPage\",\"@id\":\"https:\/\/synagra.hu\/gk\/hu\/vetomagok\/buza\/oszi-buza\/\",\"url\":\"https:\/\/synagra.hu\/gk\/hu\/vetomagok\/buza\/oszi-buza\/\",\"name\":\"\\u0150szi b\\u00faza\"}}]}]}<\/script>\n<!-- \/ Yoast SEO plugin. -->","_links":{"self":[{"href":"https:\/\/synagra.hu\/gk\/wp-json\/wp\/v2\/pages\/438"}],"collection":[{"href":"https:\/\/synagra.hu\/gk\/wp-json\/wp\/v2\/pages"}],"about":[{"href":"https:\/\/synagra.hu\/gk\/wp-json\/wp\/v2\/types\/page"}],"author":[{"embeddable":true,"href":"https:\/\/synagra.hu\/gk\/wp-json\/wp\/v2\/users\/1"}],"replies":[{"embeddable":true,"href":"https:\/\/synagra.hu\/gk\/wp-json\/wp\/v2\/comments?post=438"}],"version-history":[{"count":6,"href":"https:\/\/synagra.hu\/gk\/wp-json\/wp\/v2\/pages\/438\/revisions"}],"predecessor-version":[{"id":494,"href":"https:\/\/synagra.hu\/gk\/wp-json\/wp\/v2\/pages\/438\/revisions\/494"}],"up":[{"embeddable":true,"href":"https:\/\/synagra.hu\/gk\/wp-json\/wp\/v2\/pages\/418"}],"wp:attachment":[{"href":"https:\/\/synagra.hu\/gk\/wp-json\/wp\/v2\/media?parent=438"}],"curies":[{"name":"wp","href":"https:\/\/api.w.org\/{rel}","templated":true}]}}